{"id":27,"date":"2012-03-11T09:22:28","date_gmt":"2012-03-11T08:22:28","guid":{"rendered":"http:\/\/markouska.com\/?page_id=27"},"modified":"2018-04-07T09:33:43","modified_gmt":"2018-04-07T08:33:43","slug":"co-se-tu-da-delat","status":"publish","type":"page","link":"https:\/\/markouska.com\/?page_id=27","title":{"rendered":"Co se tu d\u00e1 d\u011blat"},"content":{"rendered":"<ul>\n<li>jaro \/ l\u00e9to\n<ul>\n<li>turistika &#8211; chalupa je dobr\u00fdm v\u00fdchoz\u00edm bodem pro turistick\u00e9 v\u00fdlety (i cyklo) nap\u0159. nov\u00e1 Rozhledna na Markou\u0161ovick\u00e9m h\u0159ebeni, rozhledna na vrchu \u017daltman, Sluj loupe\u017en\u00edka Lotranda, \u010c\u00ed\u017ekovy kameny,&nbsp;atd. + v bl\u00edzk\u00e9m okol\u00ed Babi\u010d\u010dino \u00fadol\u00ed, Krkono\u0161e a Adr\u0161pa\u0161sko-teplick\u00e9 sk\u00e1ly<\/li>\n<li>pro milovn\u00edky historie &#8211; nedalek\u00e9 z\u00e1mky Nov\u00e9 M\u011bsto nad Metuj\u00ed, N\u00e1chod a Kuks<\/li>\n<li>v bl\u00edzkosti chalupy je tak\u00e9 mo\u017en\u00e9 nav\u0161t\u00edvit p\u00e1s pohrani\u010dn\u00edho opevn\u011bn\u00ed z roku 1939<\/li>\n<li>p\u0159\u00edmo ve vesnici se m\u016f\u017eete zastavit v p\u0159\u00edjemn\u00e9 <a href=\"http:\/\/sokolovna-markousovice.cz\/\" target=\"_blank\" rel=\"noopener\">hosp\u016fdce<\/a><\/li>\n<\/ul>\n<\/li>\n<li>podzim \/ zima\n<ul>\n<li>sjezdov\u00e9 ly\u017eov\u00e1n\u00ed &#8211; je mo\u017en\u00e9 doj\u00ed\u017ed\u011bt do velk\u00fdch ly\u017ea\u0159sk\u00fdch are\u00e1l\u016f nap\u0159. <a href=\"http:\/\/www.vlekradvanice.cz\/\" target=\"_blank\" rel=\"noopener\">Radvanice<\/a>, <a href=\"http:\/\/www.skipark-mladebuky.cz\/\" target=\"_blank\" rel=\"noopener\">Mlad\u00e9 Buky<\/a>, <a href=\"http:\/\/www.petrikovice.cz\/\" target=\"_blank\" rel=\"noopener\">Pet\u0159\u00edkovice<\/a> nebo nav\u0161t\u00edvit n\u011bkter\u00fd z are\u00e1l\u016f v Krkono\u0161\u00edch<\/li>\n<li>b\u011b\u017eky &#8211; za dobr\u00fdch sn\u011bhov\u00fdch podm\u00ednek se v bl\u00edzk\u00e9m okol\u00ed chalupy nach\u00e1zej\u00ed udr\u017eovan\u00e9 b\u011b\u017eka\u0159sk\u00e9 trat\u011b<\/li>\n<\/ul>\n<\/li>\n<\/ul>\n","protected":false},"excerpt":{"rendered":"<p>jaro \/ l\u00e9to turistika &#8211; chalupa je dobr\u00fdm v\u00fdchoz\u00edm bodem pro turistick\u00e9 v\u00fdlety (i cyklo) nap\u0159. nov\u00e1 Rozhledna na Markou\u0161ovick\u00e9m h\u0159ebeni, rozhledna na vrchu \u017daltman, Sluj loupe\u017en\u00edka Lotranda, \u010c\u00ed\u017ekovy kameny,&nbsp;atd. + v bl\u00edzk\u00e9m okol\u00ed Babi\u010d\u010dino \u00fadol\u00ed, Krkono\u0161e a Adr\u0161pa\u0161sko-teplick\u00e9 sk\u00e1ly pro milovn\u00edky historie &#8211; nedalek\u00e9 z\u00e1mky Nov\u00e9 M\u011bsto nad Metuj\u00ed,\u2026 <a class=\"continue-reading-link\" href=\"https:\/\/markouska.com\/?page_id=27\"> Continue reading <span class=\"meta-nav\">&rarr; <\/span><\/a><\/p>\n","protected":false},"author":1,"featured_media":0,"parent":0,"menu_order":0,"comment_status":"closed","ping_status":"open","template":"","meta":{"ngg_post_thumbnail":0,"footnotes":""},"class_list":["post-27","page","type-page","status-publish","hentry"],"_links":{"self":[{"href":"https:\/\/markouska.com\/index.php?rest_route=\/wp\/v2\/pages\/27","targetHints":{"allow":["GET"]}}],"collection":[{"href":"https:\/\/markouska.com\/index.php?rest_route=\/wp\/v2\/pages"}],"about":[{"href":"https:\/\/markouska.com\/index.php?rest_route=\/wp\/v2\/types\/page"}],"author":[{"embeddable":true,"href":"https:\/\/markouska.com\/index.php?rest_route=\/wp\/v2\/users\/1"}],"replies":[{"embeddable":true,"href":"https:\/\/markouska.com\/index.php?rest_route=%2Fwp%2Fv2%2Fcomments&post=27"}],"version-history":[{"count":6,"href":"https:\/\/markouska.com\/index.php?rest_route=\/wp\/v2\/pages\/27\/revisions"}],"predecessor-version":[{"id":400,"href":"https:\/\/markouska.com\/index.php?rest_route=\/wp\/v2\/pages\/27\/revisions\/400"}],"wp:attachment":[{"href":"https:\/\/markouska.com\/index.php?rest_route=%2Fwp%2Fv2%2Fmedia&parent=27"}],"curies":[{"name":"wp","href":"https:\/\/api.w.org\/{rel}","templated":true}]}}